{"id":22,"date":"2023-08-15T21:49:19","date_gmt":"2023-08-15T21:49:19","guid":{"rendered":"https:\/\/aagrocentro.org.mx\/?page_id=22"},"modified":"2024-12-31T08:40:58","modified_gmt":"2024-12-31T08:40:58","slug":"home","status":"publish","type":"page","link":"https:\/\/aagrocentro.org.mx\/","title":{"rendered":"Area Guerrero Centro"},"content":{"rendered":"\n\n\n<h3><strong>CENTRAL MEXICANA DE SERVICIOS GENERALES DE ALCOHOLICOS ANONIMOS A.C.<\/strong><\/h3>\n\n\n\n\n<h1><span style=\"color:#ffffff;\"><span style=\"color: rgb(255, 255, 255);\">Alcoholicos anonimos<\/span><\/span><\/h1><h1><span style=\"color:#ffffff;\"><span style=\"color: rgb(255, 255, 255);\">Mexico<\/span><\/span><sub><sup><span style=\"color:#ffffff;\"><span style=\"color: rgb(255, 255, 255);\"><br><\/span><\/span><\/sup><\/sub><\/h1><p><span style=\"color:#ffffff;\"><span style=\"color: rgb(255, 255, 255);\"><\/span><\/span><\/p><span style=\"color:#ffffff;\"><h1><span><\/span><\/h1><\/span>\n\n\n<h2 style=\"color: rgb(255, 255, 255);\">Tiene problemas con el alcohol?<\/h2><h3 style=\"color: rgb(255, 255, 255);\">\u00a1En Alcoh\u00f3licos An\u00f3nimos\u00ae tenemos una soluci\u00f3n!<\/h3><h4 style=\"color: rgb(255, 255, 255);\">Inf\u00f3rmate<\/h4><h2><\/h2>\n\n\n\n\n<a href=\"https:\/\/twitter.com\/AAMexico\"><img loading=\"lazy\" decoding=\"async\" src=\"http:\/\/aagrocentro.org.mx\/wp-content\/uploads\/2023\/08\/image-1.png \" width=\"50\" height=\"50\"><\/a><a href=\"https:\/\/www.facebook.com\/alcoholicosanonimosoficial\"><img loading=\"lazy\" decoding=\"async\" src=\"http:\/\/aagrocentro.org.mx\/wp-content\/uploads\/2023\/08\/image-2.png\" width=\"50\" height=\"50\"><\/a><a href=\"http:\/\/www.youtube.com\/c\/AAMexicoOficial\"><img loading=\"lazy\" decoding=\"async\" src=\"http:\/\/aagrocentro.org.mx\/wp-content\/uploads\/2023\/08\/image-3.png\" width=\"50\" height=\"50\"><\/a><a href=\"https:\/\/instagram.com\/alcoholicosanonimosmexico?igshid=YmMyMTA2M2Y=\"><img loading=\"lazy\" decoding=\"async\" src=\"http:\/\/aagrocentro.org.mx\/wp-content\/uploads\/2023\/08\/image-4.png\" width=\"50\" height=\"50\"><\/a><a href=\"https:\/\/www.tiktok.com\/@alcoholicosanonimosmexic?_t=8c1MqcScxsr&amp;_r=1\"><img loading=\"lazy\" decoding=\"async\" src=\"http:\/\/aagrocentro.org.mx\/wp-content\/uploads\/2023\/08\/image-5.png\" width=\"50\" height=\"50\"><a href=\"https:\/\/open.spotify.com\/show\/2RhbqGVFRiSc3C994Rz9nX?si=367a7ad5f4104330\"><img loading=\"lazy\" decoding=\"async\" src=\"http:\/\/aagrocentro.org.mx\/wp-content\/uploads\/2023\/08\/image-6.png\" width=\"50\" height=\"50\"><\/a><\/a><br>\n\n\n<p><br><\/p>\n\n\n\n\n\n\n\n<div class=\"item_video-2\"><h2 style=\"color: rgb(102, 163, 224);\">\u00bfNecesitas ayuda? Estamos para servirte<\/h2><p>Desde hace 88 a\u00f1os A.A. ayuda a los alcoh\u00f3licos a mantenerse sobrios, a trav\u00e9s de su programa de recuperaci\u00f3n <strong style=\"color: rgb(102, 163, 224);\">\u201cDoce pasos, doce tradiciones, doce conceptos\u201d<\/strong>\n El programa tiene un fundamento simple: un alcoh\u00f3lico que comparte con \notro. Si su forma de beber est\u00e1 fuera de control, A.A. puede ayudarlo.<\/p><\/div><p><\/p>\n\n\n\n\n<p><strong>Alcoh\u00f3licos An\u00f3nimos \u00ae<\/strong> es una comunidad de personas que\n comparten su mutua experiencia, fortaleza y esperanza para resolver su \nproblema com\u00fan y ayudar a otros a recuperarse del alcoholismo. El \u00fanico \nrequisito para ser miembro de AA es el deseo de dejar la bebida. Para \nser miembro de AA no se pagan derechos de admisi\u00f3n ni cuotas; nos \nmantenemos con nuestras propias contribuciones. AA no est\u00e1 afiliada a \nninguna secta, religi\u00f3n, partido pol\u00edtico, organizaci\u00f3n o instituci\u00f3n \nalguna; no desea intervenir en controversias, no respalda ni se opone a \nninguna causa. Nuestro objetivo primordial es mantenernos sobrios y \nayudar a otros alcoh\u00f3licos a alcanzar el estado de sobriedad.<\/p><p><br><\/p><h2 style=\"text-align: center;\">Preguntas frecuentes acerca de AA<\/h2>\n\n\n<h2><img decoding=\"async\" src=\"http:\/\/aagrocentro.org.mx\/wp-content\/uploads\/2024\/05\/image.png\"><br><\/h2>\n\n\n\n\n\n\n\n\n<h6>\u00bfquien es un alcoholico?<br><\/h6>\n\n\n\n<h6>\u00bfcomo ingreso a un grupo?<br><\/h6>\n\n\n\n<h6>\u00bfque es lo que AA no hace?<br><\/h6>\n\n\n\n<h6>\u00bfcomo funciona AA?<br><\/h6>\n\n\n\n<h6>\u00bfcomo encontrar una reunion de AA?<br><\/h6>\n\n\n\n\n\n<span style=\"color:#ffffff;\"><div class=\"testimonio_1\"><h4>\u00bfQui\u00e9n es un alcoh\u00f3lico?<\/h4><p class=\"mb-3\">Si bien en AA no tenemos una definici\u00f3n profesional de qui\u00e9n es un alcoh\u00f3lico, <br>si podemos compartir en funci\u00f3n de nuestra experiencia que: <br>\u201cNosotros los alcoh\u00f3licos, somos hombres y mujeres que hemos perdido <br>la capacidad para controlar nuestra manera de beber\u201d.<br> <cite><small>(Libro Alcoh\u00f3licos An\u00f3nimos, p\u00e1g. 33)<\/small><\/cite><\/p><a href=\"https:\/\/www.aamexico.org.mx\/#\">Testimonios de recuperaci\u00f3n<\/a><\/div><p><\/p><\/span>\n\n\n<span style=\"color:#ffffff;\"><div class=\"testimonio_2\"><h4>Definici\u00f3n de alcoholismo<\/h4><p class=\"mb-3\">El alcoholismo es una combinaci\u00f3n de una compulsi\u00f3n por beber y una \u00abalergia f\u00edsica\u00bb<br><cite><small>Dr. Silkworth, m\u00e9dico estadounidense especialista en el tratamiento del alcoholismo.<\/small><\/cite><\/p><a href=\"https:\/\/www.aamexico.org.mx\/#\">Leer \u00abLa opini\u00f3n del m\u00e9dico\u00bb<\/a><\/div><p><\/p><\/span>\n\n\n\n\n<h2 style=\"text-align: center;\">Autodiagn\u00f3stico<\/h2><p style=\"text-align: center;\">La lista de preguntas que aparece a \ncontinuaci\u00f3n puede ayudarle a descubrir si tiene problemas con su manera\n de beber. Debe tener presente que usted es la \u00fanica persona que puede \ndecir <strong>SI<\/strong> tiene o <strong>NO<\/strong> un problema. Aunque otros le hayan dicho que si lo tiene, lo importante es que <strong>USTED DECIDA<\/strong> por s\u00ed mismo. Seleccione uno de las opciones siguientes:<\/p><p><\/p>\n\n\n\n\n\n<p style=\"text-align: center;\"><strong>\u00bfes AA para usted?<\/strong><\/p>\n\n\n\n<p style=\"text-align: center;\"><strong>\u00bfyo alcoholico(a)?<\/strong><br><\/p>\n\n\n\n<p style=\"text-align: center;\"><strong>\u00bfes AA para un joven como tu?<\/strong><br><\/p>\n\n\n\n\n<p><strong style=\"font-size: large;\">Conozca Mas<\/strong><br><\/p>\n\n\n<p style=\"text-align: right;\"><strong style=\"font-size: large;\">Recursos Recomendados<\/strong><\/p><p><br><\/p>\n\n\n\n\n\n\n\n\n\n\n\n\n\n\n\n\n\n\n\n\n\n\n\n\n\n\n\n\n\n\n\n\n<section class=\"banner_reflexiones_diarias\"><div class=\"container reflexiones_diarias\"><div class=\"item_reflexion-1\"><h2>Reflexiones diarias<\/h2><h3>&#8220;ACOSADOS&#8221;<\/h3><p id=\"reflexion_fecha\">Agosto 06<\/p><p id=\"reflexion_texto-1\"><i>Acosados\n por cien formas de temor, de vana ilusi\u00f3n, de ego\u00edsmo, de \nautoconmiseraci\u00f3n, les pisamos los pies a nuestros compa\u00f1eros y estos se\n vengan.<\/i><\/p><p id=\"reflexion_texto-2\">ALCOH\u00d3LICOS AN\u00d3NIMOS, p\u00e1g. 67<\/p><\/div><div class=\"item_reflexion-3\"><p>Mi\n ego\u00edsmo era la fuerza acosadora detr\u00e1s de mi forma de beber. Beb\u00eda para\n celebrar el \u00e9xito y beb\u00eda para ahogar mis penas. La humildad es la \nrespuesta. Aprendo a poner mi vida y mi voluntad al cuidado de Dios. Mi \npadrino me dice que el servicio me mantiene sobrio. Hoy me pregunto a m\u00ed\n mismo: \u00bfHe tratado de saber la voluntad de Dios para conmigo? \u00bfHe \nprestado servicio a mi grupo de aa?<\/p><\/div><\/div><\/section><p><\/p>\n\n\n\n\n\n\n\n\n\n\n\n\n<span style=\"color:#ffffff;\"><p><div class=\"item_menu-footer item_menu-footer-1\"><h5><sub>OFICINA<\/sub><\/h5><div class=\"item_footer-domicilio\"><p><sub>Huatabampo #18 Col. Roma Sur Cuauht\u00e9moc, CDMX<\/sub><\/p><\/div><div class=\"item_footer-domicilio\"><sub>Tel\u00e9fonos: (55) 5264 2406, (55) 5264 2466, (55) 5264 2588 <\/sub><br><p><sub>Lada sin costo: (800) 2169 231<\/sub><\/p><\/div><div class=\"item_footer-domicilio\"><sub>serviciosalacomunidad@aamexico.org.mx<\/sub><\/div><\/div><\/p><\/span><span style=\"color:#ffffff;\"><\/span>\n\n\n<span style=\"background-color:#ffffff;\"><span style=\"color:#ffffff;\"><p><\/p><p><\/p><p><\/p><\/span><span style=\"color:#ffffff;\"><p><\/p><p><\/p><p><\/p><p><\/p><div class=\"item_menu-footer item_menu-footer-2\"><h5>LEGAL<\/h5><div style=\"\"><a href=\"https:\/\/www.aamexico.org.mx\/marca_registrada\">Prensa y medios<\/a><\/div><div><a href=\"https:\/\/www.aamexico.org.mx\/marca_registrada\">Para los profesionales<\/a><\/div><div><a href=\"https:\/\/www.aamexico.org.mx\/marca_registrada\">Aviso de privacidad<\/a><\/div><div><a href=\"https:\/\/www.aamexico.org.mx\/marca_registrada\">Marca registrada<\/a><\/div><\/div><p><\/p><p><\/p><p><\/p><p><\/p><\/span><\/span>\n\n\n<span style=\"background-color:#e60000;\"><span style=\"color:#ffffff;\"><p><\/p><div class=\"item_menu-footer item_menu-footer-3\"><h5>OTROS ENLACES<\/h5><div><a class=\"\" href=\"https:\/\/www.aamexico.org.mx\/archivos_historicos\">Archivos Historicos<\/a><\/div><div><a class=\"\" href=\"https:\/\/www.aamexico.org.mx\/boletines\">Boletines de la OSG<\/a><\/div><div><a href=\"https:\/\/www.aamexico.org.mx\/web\/files\/Guia Internet.pdf\" target=\"_blank\" rel=\"noopener\">Gu\u00edas de internet<\/a><\/div><div><a href=\"https:\/\/www.aamexico.org.mx\/panel_admin\/dashboard\" target=\"_blank\" rel=\"noopener\">Administrador de grupos<\/a><\/div><\/div><p><\/p><p><\/p><\/span><\/span>\n\n\n<p><a href=\"https:\/\/www.plenitudaa.org.mx\/\" target=\"_blank\" rel=\"noopener\">Oficina Plenitud<\/a><\/p><div><a href=\"https:\/\/www.plenitudaa.org.mx\/\" title=\"Oficina Plenitud\" target=\"_blank\" rel=\"noopener\"><img decoding=\"async\" src=\"https:\/\/www.aamexico.org.mx\/web\/img\/Logo_PAA.png\"><\/a><\/div>\n\n\n","protected":false},"excerpt":{"rendered":"","protected":false},"author":1,"featured_media":0,"parent":0,"menu_order":0,"comment_status":"closed","ping_status":"closed","template":"","meta":{"_monsterinsights_skip_tracking":false,"_monsterinsights_sitenote_active":false,"_monsterinsights_sitenote_note":"","_monsterinsights_sitenote_category":0,"_themeisle_gutenberg_block_has_review":false,"footnotes":""},"yst_prominent_words":[],"class_list":["post-22","page","type-page","status-publish","hentry","entry"],"aioseo_notices":[],"_links":{"self":[{"href":"https:\/\/aagrocentro.org.mx\/index.php?rest_route=\/wp\/v2\/pages\/22","targetHints":{"allow":["GET"]}}],"collection":[{"href":"https:\/\/aagrocentro.org.mx\/index.php?rest_route=\/wp\/v2\/pages"}],"about":[{"href":"https:\/\/aagrocentro.org.mx\/index.php?rest_route=\/wp\/v2\/types\/page"}],"author":[{"embeddable":true,"href":"https:\/\/aagrocentro.org.mx\/index.php?rest_route=\/wp\/v2\/users\/1"}],"replies":[{"embeddable":true,"href":"https:\/\/aagrocentro.org.mx\/index.php?rest_route=%2Fwp%2Fv2%2Fcomments&post=22"}],"version-history":[{"count":57,"href":"https:\/\/aagrocentro.org.mx\/index.php?rest_route=\/wp\/v2\/pages\/22\/revisions"}],"predecessor-version":[{"id":285,"href":"https:\/\/aagrocentro.org.mx\/index.php?rest_route=\/wp\/v2\/pages\/22\/revisions\/285"}],"wp:attachment":[{"href":"https:\/\/aagrocentro.org.mx\/index.php?rest_route=%2Fwp%2Fv2%2Fmedia&parent=22"}],"wp:term":[{"taxonomy":"yst_prominent_words","embeddable":true,"href":"https:\/\/aagrocentro.org.mx\/index.php?rest_route=%2Fwp%2Fv2%2Fyst_prominent_words&post=22"}],"curies":[{"name":"wp","href":"https:\/\/api.w.org\/{rel}","templated":true}]}}